{"id":13,"date":"2020-02-10T20:45:44","date_gmt":"2020-02-10T19:45:44","guid":{"rendered":"https:\/\/danz.barrelhaven.de\/?page_id=13"},"modified":"2025-01-25T10:14:04","modified_gmt":"2025-01-25T09:14:04","slug":"ueber-uns","status":"publish","type":"page","link":"https:\/\/danzbazis.de\/index.php\/ueber-uns\/","title":{"rendered":"\u00dcber uns"},"content":{"rendered":"\n<p>Die Danzbazis: Wo gem\u00fctliche B\u00e4uche auf Showtanz treffen! Diese einzigartige Truppe beweist, dass echte M\u00e4nner tanzen k\u00f6nnen &#8211; und zwar mit Stil und einer ordentlichen Portion Humor. Jeden Donnerstag verwandeln sie das Sportheim Untermeitingen in eine einzigartige Tanzarena, wo Hebefiguren und sexuelle Schwungmasse Hand in Hand gehen. Wer braucht schon einen Sixpack, wenn man einen Waschb\u00e4rbauch mit Rhythmus hat? Die Danzbazis: Schwabens wohl ungew\u00f6hnlichste Tanzgruppe, bei der das Aufw\u00e4rmen am Zapfhahn beginnt!<br>\u00a0<a href=\"https:\/\/www.instagram.com\/imhofia.ahoi?igsh=MW9uNHVpOG5lNmVpdg==\" data-type=\"link\" data-id=\"https:\/\/www.instagram.com\/imhofia.ahoi?igsh=MW9uNHVpOG5lNmVpdg==\">@imhofia.ahoi<\/a><\/p>\n","protected":false},"excerpt":{"rendered":"<p>Die Danzbazis: Wo gem\u00fctliche B\u00e4uche auf Showtanz treffen! Diese einzigartige Truppe beweist, dass echte M\u00e4nner tanzen k\u00f6nnen &#8211; und zwar mit Stil und einer ordentlichen Portion Humor. Jeden Donnerstag verwandeln sie das Sportheim Untermeitingen in eine einzigartige Tanzarena, wo Hebefiguren und sexuelle Schwungmasse Hand in Hand gehen. Wer braucht schon einen Sixpack, wenn man einen [&hellip;]<\/p>\n","protected":false},"author":1,"featured_media":0,"parent":0,"menu_order":0,"comment_status":"closed","ping_status":"closed","template":"","meta":{"footnotes":""},"class_list":["post-13","page","type-page","status-publish","hentry"],"_links":{"self":[{"href":"https:\/\/danzbazis.de\/index.php\/wp-json\/wp\/v2\/pages\/13","targetHints":{"allow":["GET"]}}],"collection":[{"href":"https:\/\/danzbazis.de\/index.php\/wp-json\/wp\/v2\/pages"}],"about":[{"href":"https:\/\/danzbazis.de\/index.php\/wp-json\/wp\/v2\/types\/page"}],"author":[{"embeddable":true,"href":"https:\/\/danzbazis.de\/index.php\/wp-json\/wp\/v2\/users\/1"}],"replies":[{"embeddable":true,"href":"https:\/\/danzbazis.de\/index.php\/wp-json\/wp\/v2\/comments?post=13"}],"version-history":[{"count":5,"href":"https:\/\/danzbazis.de\/index.php\/wp-json\/wp\/v2\/pages\/13\/revisions"}],"predecessor-version":[{"id":84,"href":"https:\/\/danzbazis.de\/index.php\/wp-json\/wp\/v2\/pages\/13\/revisions\/84"}],"wp:attachment":[{"href":"https:\/\/danzbazis.de\/index.php\/wp-json\/wp\/v2\/media?parent=13"}],"curies":[{"name":"wp","href":"https:\/\/api.w.org\/{rel}","templated":true}]}}